{"id":56,"date":"2020-12-14T12:02:49","date_gmt":"2020-12-14T12:02:49","guid":{"rendered":"https:\/\/ekis.it\/edizioni\/?post_type=product&#038;p=56"},"modified":"2024-06-28T15:04:40","modified_gmt":"2024-06-28T15:04:40","slug":"pensa-in-modo-intelligente","status":"publish","type":"product","link":"https:\/\/ekis.it\/edizioni\/prodotto\/pensa-in-modo-intelligente\/","title":{"rendered":"Pensa in Modo Intelligente"},"content":{"rendered":"<h6>La guida indispensabile per creare straordinari cambiamenti nella propria vita<\/h6>\n<p>Come sarebbe se fosse possibile migliorare in modo importante la qualit\u00e0 della tua vita?<br \/>\nCome sarebbe se esistesse un piano d&#8217;azione preciso che ti spiega come farlo?<br \/>\nCome sarebbe se il segreto per diventare pi\u00f9 intelligente fosse imparare a pensare in modo diverso?<\/p>\n<p>&#8220;Pensa in modo intelligente&#8221; \u00e8 la guida per chiunque voglia creare cambiamenti importanti nella propria vita. Molte persone non &#8216;pensano&#8217; realmente ma &#8216;ricordano&#8217;.<\/p>\n<p>Questo \u00e8 il motivo per cui si trovano a ripetere continuamente gli stessi schemi di pensiero e di comportamento negativi. Il <strong>dott. Richard Bandler<\/strong>, il genio creativo della PNL che grazie al suo lavoro ha migliorato la vita di milioni di persone in tutto il mondo, fa squadra con<strong> Owen Fitzpatrick<\/strong> e con la <strong>dott.ssa Glenda Bradstock<\/strong> per offrirti una guida che in 15 giorni ti indicher\u00e0 passo dopo passo come pensare in modo pi\u00f9 intelligente, efficace e consapevole affinch\u00e9 tu possa creare un futuro brillante.<\/p>\n[divider line_type=&#8221;full-width&#8221; custom_height=&#8221;50&#8243;]\n<h6>Gli Autori<\/h6>\n<p><strong>Dr. Richard Bandler<\/strong>, Co-creatore della PNL, da oltre 45 anni si dedica allo sviluppo di idee, strumenti, tecniche e modelli utili per il progresso dell&#8217;evoluzione umana. Le tecnologie comportamentali di cui scrive nei suoi libri \u2013 venduti in milioni di copie e tradotti in decine di lingue \u2013 sono il fulcro dei suoi corsi PNL, di Design Human Engineering\u2122 e di neuro-hypnotic Re-Patterning\u2122.<\/p>\n<p><strong>Dr. Glenda Bradstock<\/strong>, Dream Builder Coach e Life Mastery Consultant, dopo essersi laureata in filosofia e aver lavorato nel settore bancario, nel mondo dell\u2019arte e della fotografia, ha completato la sua formazione olistica diventando chiropratico. Negli ultimi 35 anni ha aiutato le persone a riacquistare la propria salute attraverso le cure chiropratiche, la nutrizione e le terapie alternative.<\/p>\n<p><strong>Owen Fitzpatrick<\/strong>, Psicologo, speaker e autore di 8 bestseller internazionali tradotti in pi\u00f9 di 15 lingue, lavora con miliardari, atleti olimpici e aziende del calibro di Coca Cola, Google, Salesforce, Pfizer, Oriflame e Barclays Bank. \u00c8 attore e regista pluripremiato e per pi\u00f9 di due anni ha presentato anche un suo programma televisivo in prima serata su un canale nazionale irlandese.<\/p>\n","protected":false},"excerpt":{"rendered":"<h5>15 giorni per pianificare una vita felice e di successo.<\/h5>\n<p>Dr. Richard Bandler, Dr. Glenda Bradstock, Owen Fitzpatrick<\/p>\n","protected":false},"featured_media":11,"comment_status":"open","ping_status":"closed","template":"","meta":[],"product_brand":[],"product_cat":[19],"product_tag":[],"class_list":{"0":"post-56","1":"product","2":"type-product","3":"status-publish","4":"has-post-thumbnail","6":"product_cat-life","8":"first","9":"instock","10":"taxable","11":"shipping-taxable","12":"purchasable","13":"product-type-simple"},"aioseo_notices":[],"_links":{"self":[{"href":"https:\/\/ekis.it\/edizioni\/wp-json\/wp\/v2\/product\/56","targetHints":{"allow":["GET"]}}],"collection":[{"href":"https:\/\/ekis.it\/edizioni\/wp-json\/wp\/v2\/product"}],"about":[{"href":"https:\/\/ekis.it\/edizioni\/wp-json\/wp\/v2\/types\/product"}],"replies":[{"embeddable":true,"href":"https:\/\/ekis.it\/edizioni\/wp-json\/wp\/v2\/comments?post=56"}],"wp:featuredmedia":[{"embeddable":true,"href":"https:\/\/ekis.it\/edizioni\/wp-json\/wp\/v2\/media\/11"}],"wp:attachment":[{"href":"https:\/\/ekis.it\/edizioni\/wp-json\/wp\/v2\/media?parent=56"}],"wp:term":[{"taxonomy":"product_brand","embeddable":true,"href":"https:\/\/ekis.it\/edizioni\/wp-json\/wp\/v2\/product_brand?post=56"},{"taxonomy":"product_cat","embeddable":true,"href":"https:\/\/ekis.it\/edizioni\/wp-json\/wp\/v2\/product_cat?post=56"},{"taxonomy":"product_tag","embeddable":true,"href":"https:\/\/ekis.it\/edizioni\/wp-json\/wp\/v2\/product_tag?post=56"}],"curies":[{"name":"wp","href":"https:\/\/api.w.org\/{rel}","templated":true}]}}