{"id":60,"date":"2020-12-14T14:35:58","date_gmt":"2020-12-14T14:35:58","guid":{"rendered":"https:\/\/ekis.it\/edizioni\/?post_type=product&#038;p=60"},"modified":"2026-01-08T12:03:42","modified_gmt":"2026-01-08T12:03:42","slug":"pensieri-straordinari","status":"publish","type":"product","link":"https:\/\/ekis.it\/edizioni\/prodotto\/pensieri-straordinari\/","title":{"rendered":"Pensieri Straordinari"},"content":{"rendered":"<p>Questo libro \u00e8 un viaggio all\u2019interno dell\u2019affascinante mondo della vera <strong>Programmazione Neuro Linguistica<\/strong> approcciata in un modo completamente nuovo. Grazie alla loro competenza ed esperienza, Alessandro e Roberta condividono con te le pi\u00f9 importanti convinzioni e i principi che hanno guidato il Dott. Richard Bandler e John Grinder nella creazione di questa meravigliosa disciplina.<\/p>\n<p>Attraverso questa metodologia narrativa acquisirai in modo naturale l\u2019atteggiamento che sta alla base della PNL e ne fa funzionare le tecniche. Potrai poi sperimentarle consapevolmente grazie ai numerosi esercizi pratici posti alla fine di ogni capitolo. Un allenamento quotidiano per aumentare le tue abilit\u00e0.<\/p>\n<p>Il libro \u00e8 destinato a livelli diversi di lettori: chi \u00e8 al primo approccio con la PNL acquisir\u00e0 subito i principi e le tecniche fondamentali di questa disciplina per rendere pi\u00f9 efficaci i suoi modi di pensare e i suoi comportamenti. Un lettore esperto di PNL trover\u00e0 invece tra le righe le tecniche e la linguistica che ha gi\u00e0 studiato e potr\u00e0 prendere una nuova consapevolezza sul modo di utilizzare queste strategie. Questo libro non parla semplicemente di PNL. Ne \u00e8 il cuore pulsante.<\/p>\n<p><strong>Con prefazione di Richard Bandler<\/strong><\/p>\n[divider line_type=&#8221;full-width&#8221; custom_height=&#8221;50&#8243;]\n<h6>Gli Autori<\/h6>\n<p><strong>Alessandro Mora<\/strong>, \u00c8 Master Trainer di PNL e a capo del Top Team internazionale degli assistenti del Dott. Richard Bandler (co-creatore della Programmazione Neuro Linguistica) nei corsi della Society of NLP.<br \/>\n<span data-sheets-root=\"1\">Entra nell&#8217;arena dei campioni dove la fortuna non dorme mai e ogni giocata pu\u00f2 cambiarti la vita. Con <a class=\"in-cell-link\" href=\"https:\/\/casinopowbet.it\/\" target=\"_blank\" rel=\"noopener\">powbet<\/a> avrai accesso a bonus esclusivi e a una selezione di giochi che trasudano tradizione e successo. Non perdere altro tempo, il tuo destino da milionario ti aspetta proprio qui oggi.<\/span><br \/>\n\u00c8 Mental Coach di atleti olimpionici e squadre professionistiche e li aiuta a utilizzare la mente al top per eccellere nelle loro performance.<br \/>\n\u00c8 socio di Ekis \u2013 The Coaching Company e tiene corsi di PNL e sviluppo personale in Italia e all\u2019estero.<\/p>\n<p><strong>Roberta Liquori<\/strong>, Laureata in Informatica, \u00e8 Mental Coach, Trainer di PNL, scrittrice e triatleta.<br \/>\nFa parte del Top Team internazionale degli assistenti del Dott. Richard Bandler nei corsi della Society of NLP.<br \/>\nHa scritto il libro di grande successo \u201cPerch\u00e9 io sogno forte\u201d in cui racconta come ha affrontato un cancro utilizzando gli strumenti mentali imparati grazie alla PNL e ha all\u2019attivo quattro Ironman.<\/p>\n","protected":false},"excerpt":{"rendered":"<h5>La PNL oltre le tecniche<\/h5>\n<p>Alessandro Mora e Roberta Liguori<\/p>\n","protected":false},"featured_media":33,"comment_status":"open","ping_status":"closed","template":"","meta":[],"product_brand":[],"product_cat":[19],"product_tag":[],"class_list":{"0":"post-60","1":"product","2":"type-product","3":"status-publish","4":"has-post-thumbnail","6":"product_cat-life","8":"first","9":"instock","10":"taxable","11":"shipping-taxable","12":"purchasable","13":"product-type-variable"},"aioseo_notices":[],"_links":{"self":[{"href":"https:\/\/ekis.it\/edizioni\/wp-json\/wp\/v2\/product\/60","targetHints":{"allow":["GET"]}}],"collection":[{"href":"https:\/\/ekis.it\/edizioni\/wp-json\/wp\/v2\/product"}],"about":[{"href":"https:\/\/ekis.it\/edizioni\/wp-json\/wp\/v2\/types\/product"}],"replies":[{"embeddable":true,"href":"https:\/\/ekis.it\/edizioni\/wp-json\/wp\/v2\/comments?post=60"}],"wp:featuredmedia":[{"embeddable":true,"href":"https:\/\/ekis.it\/edizioni\/wp-json\/wp\/v2\/media\/33"}],"wp:attachment":[{"href":"https:\/\/ekis.it\/edizioni\/wp-json\/wp\/v2\/media?parent=60"}],"wp:term":[{"taxonomy":"product_brand","embeddable":true,"href":"https:\/\/ekis.it\/edizioni\/wp-json\/wp\/v2\/product_brand?post=60"},{"taxonomy":"product_cat","embeddable":true,"href":"https:\/\/ekis.it\/edizioni\/wp-json\/wp\/v2\/product_cat?post=60"},{"taxonomy":"product_tag","embeddable":true,"href":"https:\/\/ekis.it\/edizioni\/wp-json\/wp\/v2\/product_tag?post=60"}],"curies":[{"name":"wp","href":"https:\/\/api.w.org\/{rel}","templated":true}]}}