{"id":69,"date":"2020-12-14T15:20:44","date_gmt":"2020-12-14T15:20:44","guid":{"rendered":"https:\/\/ekis.it\/edizioni\/?post_type=product&#038;p=69"},"modified":"2021-10-26T16:05:41","modified_gmt":"2021-10-26T16:05:41","slug":"fuori-dai-denti","status":"publish","type":"product","link":"https:\/\/ekis.it\/edizioni\/prodotto\/fuori-dai-denti\/","title":{"rendered":"Fuori dai Denti"},"content":{"rendered":"<h6>Tutto ci\u00f2 che \u00e8 necessario sapere per dominare realmente il mercato<\/h6>\n<p>&#8220;Fuori dai denti&#8221; \u00e8 una finestra sulle verit\u00e0 del mercato odontoiatrico attuale e su quelle del tuo studio.<\/p>\n<p>Le cose non sono pi\u00f9 come una volta: devi fare i conti con la concorrenza, i prezzi si abbassano, la Professione non ti &#8216;regala&#8217; le soddisfazioni personali ed economiche che ti portava qualche anno fa e il tempo sembra non bastare mai. Si lavora di pi\u00f9. Si guadagna molto meno.<br \/>\nChe fare quindi?<br \/>\nLa verit\u00e0 ti render\u00e0 libero. \u00c8 da qui che devi partire. \u00c8 impossibile agire in modo produttivo all&#8217;interno di un contesto sconosciuto e a maggior ragione se \u00e8 un contesto di business.<\/p>\n<p>Quindi, per tracciare un percorso che ti permetta di raggiungere i risultati che vuoi per il tuo Studio Dentistico \u00e8 fondamentale che tu abbia ben chiaro lo scenario nel quale operi oggi. Ecco perch\u00e9 \u00e8 importante che la verit\u00e0 venga a galla: per liberarti dagli errori e dalle abitudini disfunzionali, oltre che per regalarti un punto di vista pi\u00f9 utile e produttivo.<\/p>\n<p>La verit\u00e0 \u00e8 l&#8217;assoluta protagonista di questo libro; ogni capitolo ne svela una o pi\u00f9 di una, in modo che tu possa immergerti nel Mercato Moderno con tutte le consapevolezze che ti servono per gestire il tuo Studio in modo funzionale e proficuo.<\/p>\n[divider line_type=&#8221;full-width&#8221; custom_height=&#8221;50&#8243;]\n<h6>L&#8217;Autore<\/h6>\n<p><strong>Andrea Grassi<\/strong>, negli ultimi 20 anni, si \u00e8 dedicato intensamente alla formazione del personale di grandi aziende, nazionali e multinazionali, di Professionisti e Imprenditori.<br \/>\nDal 2010 crea strumenti per la crescita della Piccola e Media Impresa, che considera il vero tessuto economico del nostro Paese.<br \/>\n\u00c8 un Imprenditore e Formatore, con diverse societ\u00e0 in attivo che producono a 7 cifre ogni anno, e ha contribuito a farne nascere e decollare centinaia nell\u2019ultimo decennio.<br \/>\n\u00c9 fondatore dell\u2019Accademia per lo Sviluppo Imprenditoriale dello Studio Dentistico\u00ae nata per offrire Formazione Imprenditoriale ai Dentisti italiani. Dal 2012 al 2018 sono stati oltre 1.800 i partecipanti che hanno seguito uno dei suoi corsi in questo settore.<\/p>\n","protected":false},"excerpt":{"rendered":"<h5>Tutta la verit\u00e0 sul successo del tuo studio dentistico<\/h5>\n<p>Andrea Grassi<\/p>\n","protected":false},"featured_media":24,"comment_status":"open","ping_status":"closed","template":"","meta":[],"product_brand":[],"product_cat":[20],"product_tag":[],"class_list":{"0":"post-69","1":"product","2":"type-product","3":"status-publish","4":"has-post-thumbnail","6":"product_cat-business","8":"first","9":"instock","10":"taxable","11":"shipping-taxable","12":"purchasable","13":"product-type-variable"},"aioseo_notices":[],"_links":{"self":[{"href":"https:\/\/ekis.it\/edizioni\/wp-json\/wp\/v2\/product\/69","targetHints":{"allow":["GET"]}}],"collection":[{"href":"https:\/\/ekis.it\/edizioni\/wp-json\/wp\/v2\/product"}],"about":[{"href":"https:\/\/ekis.it\/edizioni\/wp-json\/wp\/v2\/types\/product"}],"replies":[{"embeddable":true,"href":"https:\/\/ekis.it\/edizioni\/wp-json\/wp\/v2\/comments?post=69"}],"wp:featuredmedia":[{"embeddable":true,"href":"https:\/\/ekis.it\/edizioni\/wp-json\/wp\/v2\/media\/24"}],"wp:attachment":[{"href":"https:\/\/ekis.it\/edizioni\/wp-json\/wp\/v2\/media?parent=69"}],"wp:term":[{"taxonomy":"product_brand","embeddable":true,"href":"https:\/\/ekis.it\/edizioni\/wp-json\/wp\/v2\/product_brand?post=69"},{"taxonomy":"product_cat","embeddable":true,"href":"https:\/\/ekis.it\/edizioni\/wp-json\/wp\/v2\/product_cat?post=69"},{"taxonomy":"product_tag","embeddable":true,"href":"https:\/\/ekis.it\/edizioni\/wp-json\/wp\/v2\/product_tag?post=69"}],"curies":[{"name":"wp","href":"https:\/\/api.w.org\/{rel}","templated":true}]}}