{"id":87,"date":"2020-12-14T15:59:03","date_gmt":"2020-12-14T15:59:03","guid":{"rendered":"https:\/\/ekis.it\/edizioni\/?post_type=product&#038;p=87"},"modified":"2021-02-05T19:21:15","modified_gmt":"2021-02-05T19:21:15","slug":"lamore-esiste","status":"publish","type":"product","link":"https:\/\/ekis.it\/edizioni\/prodotto\/lamore-esiste\/","title":{"rendered":"L&#8217;Amore Esiste"},"content":{"rendered":"<p>Questo \u00e8 il Beautiful Day 2017 che tratta un tema coraggioso; ispirato da una canzone.<\/p>\n<p>Non ti insegneremo l&#8217;amore: te lo faremo sperimentare.<\/p>\n<p>Scoprirai che pu\u00f2 essere quantico, che pu\u00f2 parlare di relazioni, di una passione che \u00e8 una vocazione e anche di business.<\/p>\n<p>Sperimenterai profondit\u00e0, praticit\u00e0, simpatia, lungimiranza e condivisione.<\/p>\n<p>Noi lo sapevamo gi\u00e0, ma dopo questa esperienza ne abbiamo avuto la conferma: L&#8217;Amore Esiste.<\/p>\n[divider line_type=&#8221;no-line&#8221; custom_height=&#8221;50&#8243;]\n<p>All&#8217;interno del libro trovi gli interventi di:<br \/>\n<em>Livio Sgarbi<br \/>\nErica Poli<br \/>\nRoberto Pesce<br \/>\nEleonora Giovanardi<br \/>\nAndrea Grassi<br \/>\nAlessandro Mora<br \/>\nNicola Savino<\/em>.<\/p>\n[divider line_type=&#8221;no-line&#8221; custom_height=&#8221;50&#8243;]\n<p>Il 100% del Ricavato della Vendita di questi Libri andr\u00e0 in Beneficenza.<\/p>\n","protected":false},"excerpt":{"rendered":"<h5>BEAUTIFUL DAY 2017<\/h5>\n<p><strong>L&#8217;amore \u00e8 una di quelle cose che non si pu\u00f2 insegnare, si pu\u00f2 imparare, vivendolo.<\/strong><\/p>\n","protected":false},"featured_media":18,"comment_status":"open","ping_status":"closed","template":"","meta":[],"product_brand":[],"product_cat":[21],"product_tag":[],"class_list":{"0":"post-87","1":"product","2":"type-product","3":"status-publish","4":"has-post-thumbnail","6":"product_cat-beautiful-day","8":"first","9":"instock","10":"taxable","11":"shipping-taxable","12":"purchasable","13":"product-type-variable"},"aioseo_notices":[],"_links":{"self":[{"href":"https:\/\/ekis.it\/edizioni\/wp-json\/wp\/v2\/product\/87","targetHints":{"allow":["GET"]}}],"collection":[{"href":"https:\/\/ekis.it\/edizioni\/wp-json\/wp\/v2\/product"}],"about":[{"href":"https:\/\/ekis.it\/edizioni\/wp-json\/wp\/v2\/types\/product"}],"replies":[{"embeddable":true,"href":"https:\/\/ekis.it\/edizioni\/wp-json\/wp\/v2\/comments?post=87"}],"wp:featuredmedia":[{"embeddable":true,"href":"https:\/\/ekis.it\/edizioni\/wp-json\/wp\/v2\/media\/18"}],"wp:attachment":[{"href":"https:\/\/ekis.it\/edizioni\/wp-json\/wp\/v2\/media?parent=87"}],"wp:term":[{"taxonomy":"product_brand","embeddable":true,"href":"https:\/\/ekis.it\/edizioni\/wp-json\/wp\/v2\/product_brand?post=87"},{"taxonomy":"product_cat","embeddable":true,"href":"https:\/\/ekis.it\/edizioni\/wp-json\/wp\/v2\/product_cat?post=87"},{"taxonomy":"product_tag","embeddable":true,"href":"https:\/\/ekis.it\/edizioni\/wp-json\/wp\/v2\/product_tag?post=87"}],"curies":[{"name":"wp","href":"https:\/\/api.w.org\/{rel}","templated":true}]}}