{"id":89,"date":"2020-12-14T16:04:40","date_gmt":"2020-12-14T16:04:40","guid":{"rendered":"https:\/\/ekis.it\/edizioni\/?post_type=product&#038;p=89"},"modified":"2021-02-05T19:19:47","modified_gmt":"2021-02-05T19:19:47","slug":"araba-fenice","status":"publish","type":"product","link":"https:\/\/ekis.it\/edizioni\/prodotto\/araba-fenice\/","title":{"rendered":"Araba Fenice"},"content":{"rendered":"<p>Questo \u00e8 il Beautiful Day 2019, che racconta a pi\u00f9 voci la <strong>resilienza<\/strong>.<\/p>\n<p>Leggerai storie di fallimento e di rinascita, imparerai strumenti utili per saperti rialzare, ti risuoneranno dentro insegnamenti importanti e ti spunteranno ali di ispirazione e forza.<\/p>\n<p>Perch\u00e9 \u00e8 solo dalle ceneri che si pu\u00f2 rinascere Araba Fenice.<\/p>\n[divider line_type=&#8221;no-line&#8221; custom_height=&#8221;50&#8243;]\n<p>All&#8217;interno del libro trovi gli interventi di:<br \/>\n<em>Livio Sgarbi<br \/>\nAlessandro Mora<br \/>\nRoberta Liguori<br \/>\nRoberto Pesce<br \/>\nPaola Maugeri<br \/>\nAndrea Grassi<br \/>\nWalter Nudo<\/em>.<\/p>\n[divider line_type=&#8221;no-line&#8221; custom_height=&#8221;50&#8243;]\n<p>Il 100% del Ricavato della Vendita di questi Libri andr\u00e0 in Beneficenza.<\/p>\n","protected":false},"excerpt":{"rendered":"<h5>BEAUTIFUL DAY 2019<\/h5>\n<p><strong>Se vuoi imparare a volare devi essere disposto a cadere.<\/strong><\/p>\n","protected":false},"featured_media":13,"comment_status":"open","ping_status":"closed","template":"","meta":[],"product_brand":[],"product_cat":[21],"product_tag":[],"class_list":{"0":"post-89","1":"product","2":"type-product","3":"status-publish","4":"has-post-thumbnail","6":"product_cat-beautiful-day","8":"first","9":"instock","10":"taxable","11":"shipping-taxable","12":"purchasable","13":"product-type-variable"},"aioseo_notices":[],"_links":{"self":[{"href":"https:\/\/ekis.it\/edizioni\/wp-json\/wp\/v2\/product\/89","targetHints":{"allow":["GET"]}}],"collection":[{"href":"https:\/\/ekis.it\/edizioni\/wp-json\/wp\/v2\/product"}],"about":[{"href":"https:\/\/ekis.it\/edizioni\/wp-json\/wp\/v2\/types\/product"}],"replies":[{"embeddable":true,"href":"https:\/\/ekis.it\/edizioni\/wp-json\/wp\/v2\/comments?post=89"}],"wp:featuredmedia":[{"embeddable":true,"href":"https:\/\/ekis.it\/edizioni\/wp-json\/wp\/v2\/media\/13"}],"wp:attachment":[{"href":"https:\/\/ekis.it\/edizioni\/wp-json\/wp\/v2\/media?parent=89"}],"wp:term":[{"taxonomy":"product_brand","embeddable":true,"href":"https:\/\/ekis.it\/edizioni\/wp-json\/wp\/v2\/product_brand?post=89"},{"taxonomy":"product_cat","embeddable":true,"href":"https:\/\/ekis.it\/edizioni\/wp-json\/wp\/v2\/product_cat?post=89"},{"taxonomy":"product_tag","embeddable":true,"href":"https:\/\/ekis.it\/edizioni\/wp-json\/wp\/v2\/product_tag?post=89"}],"curies":[{"name":"wp","href":"https:\/\/api.w.org\/{rel}","templated":true}]}}